{"id":3140,"date":"2025-02-13T15:19:24","date_gmt":"2025-02-13T14:19:24","guid":{"rendered":"https:\/\/www.maxenergy.at\/magazin\/?page_id=3140"},"modified":"2025-02-13T15:19:25","modified_gmt":"2025-02-13T14:19:25","slug":"teilnahmebedingungen","status":"publish","type":"page","link":"https:\/\/www.maxenergy.at\/magazin\/teilnahmebedingungen\/","title":{"rendered":"Teilnahmebedingungen Gewinnspiel"},"content":{"rendered":"\n<style type=\"text\/css\" data-created_by=\"avia_inline_auto\" id=\"style-css-av-bdzfu7-ce71daea0254045f4833afb74e104b9d\">\n.avia-section.av-bdzfu7-ce71daea0254045f4833afb74e104b9d{\nbackground-repeat:no-repeat;\nbackground-image:url(https:\/\/www.maxenergy.at\/magazin\/wp-content\/uploads\/2021\/10\/frau-spart-strom-mit-energiespartipps-titelbild.jpg);\nbackground-position:50% 50%;\nbackground-attachment:scroll;\n}\n.avia-section.av-bdzfu7-ce71daea0254045f4833afb74e104b9d .av-section-color-overlay{\nopacity:0.8;\nbackground-color:#4ecac2;\n}\n<\/style>\n<div id='av_section_1'  class='avia-section av-bdzfu7-ce71daea0254045f4833afb74e104b9d main_color avia-section-default avia-no-border-styling  avia-builder-el-0  el_before_av_section  avia-builder-el-first  avia-full-stretch avia-bg-style-scroll av-section-color-overlay-active av-minimum-height av-minimum-height-100 av-height-100  container_wrap sidebar_left'  data-section-bg-repeat='stretch' data-av_minimum_height_pc='100' data-av_min_height_opt='100'><div class=\"av-section-color-overlay-wrap\"><div class=\"av-section-color-overlay\"><\/div><a href='#next-section' title='' class='scroll-down-link  avia-svg-icon avia-font-svg_entypo-fontello' data-av_svg_icon='down-open-mini' data-av_iconset='svg_entypo-fontello'><svg version=\"1.1\" xmlns=\"http:\/\/www.w3.org\/2000\/svg\" width=\"15\" height=\"32\" viewBox=\"0 0 15 32\" preserveAspectRatio=\"xMidYMid meet\" aria-labelledby='av-svg-title-1' aria-describedby='av-svg-desc-1' role=\"graphics-symbol\" aria-hidden=\"true\">\n<title id='av-svg-title-1'>Scroll to next section<\/title>\n<desc id='av-svg-desc-1'>Scroll to next section<\/desc>\n<path d=\"M12.96 12.16q0.704-0.832 1.536 0 0.832 0.704 0 1.536l-6.272 6.144q-0.704 0.704-1.536 0l-6.272-6.144q-0.832-0.832 0-1.536 0.768-0.768 1.6 0l5.44 4.992z\"><\/path>\n<\/svg><\/a><div class='container av-section-cont-open' ><main  role=\"main\" itemprop=\"mainContentOfPage\"  class='template-page content  av-content-small units'><div class='post-entry post-entry-type-page post-entry-3140'><div class='entry-content-wrapper clearfix'>\n<div  class='flex_column av-b8a0rz-eea6bdb9a031b564a69b541e9bf2f9ef av_three_fourth  avia-builder-el-1  avia-builder-el-no-sibling  first flex_column_div  '     ><style type=\"text\/css\" data-created_by=\"avia_inline_auto\" id=\"style-css-av-8zv4q7-b5f9bc04e9e218e0453614e1dbc500f0\">\n#top .av-special-heading.av-8zv4q7-b5f9bc04e9e218e0453614e1dbc500f0{\npadding-bottom:10px;\nfont-size:40px;\n}\nbody .av-special-heading.av-8zv4q7-b5f9bc04e9e218e0453614e1dbc500f0 .av-special-heading-tag .heading-char{\nfont-size:25px;\n}\n#top #wrap_all .av-special-heading.av-8zv4q7-b5f9bc04e9e218e0453614e1dbc500f0 .av-special-heading-tag{\nfont-size:40px;\n}\n.av-special-heading.av-8zv4q7-b5f9bc04e9e218e0453614e1dbc500f0 .av-subheading{\nfont-size:15px;\n}\n\n@media only screen and (min-width: 480px) and (max-width: 767px){ \n#top #wrap_all .av-special-heading.av-8zv4q7-b5f9bc04e9e218e0453614e1dbc500f0 .av-special-heading-tag{\nfont-size:0.8em;\n}\n}\n\n@media only screen and (max-width: 479px){ \n#top #wrap_all .av-special-heading.av-8zv4q7-b5f9bc04e9e218e0453614e1dbc500f0 .av-special-heading-tag{\nfont-size:0.8em;\n}\n}\n<\/style>\n<div  class='av-special-heading av-8zv4q7-b5f9bc04e9e218e0453614e1dbc500f0 av-special-heading-h1 blockquote modern-quote modern-centered  avia-builder-el-2  avia-builder-el-no-sibling  av-inherit-size'><h1 class='av-special-heading-tag '  itemprop=\"headline\"  >Gewinnspiel-Teilnahmebedingungen<\/h1><div class=\"special-heading-border\"><div class=\"special-heading-inner-border\"><\/div><\/div><\/div><\/div><\/div><\/div><\/main><!-- close content main element --><\/div><\/div><\/div><div id='av_section_2'  class='avia-section av-yb7xb-1d1ff017a7027400713e8e9deb87d3b5 main_color avia-section-huge avia-no-border-styling  avia-builder-el-3  el_after_av_section  avia-builder-el-last  avia-bg-style-scroll container_wrap sidebar_left'  ><div class='container av-section-cont-open' ><div class='template-page content  av-content-small units'><div class='post-entry post-entry-type-page post-entry-3140'><div class='entry-content-wrapper clearfix'>\n<div  class='flex_column av-9ajl07-33dea6ca3dc4193f490a68a466b0ccc0 av_one_fifth  avia-builder-el-4  el_before_av_three_fifth  avia-builder-el-first  first flex_column_div  '     ><\/div><div  class='flex_column av-94hflz-b96d0536d51ef753adeb753b43c474ea av_three_fifth  avia-builder-el-5  el_after_av_one_fifth  el_before_av_one_fifth  flex_column_div  '     ><section  class='av_textblock_section av-l3lkycxl-af87a4b574eab4f2aae3f2df2a4feac8 '   itemscope=\"itemscope\" itemtype=\"https:\/\/schema.org\/CreativeWork\" ><div class='avia_textblock'  itemprop=\"text\" ><p>Veranstalter dieses Gewinnspiels ist die MAXENERGY Austria Handels GmbH, Albertgasse 35, 1080 Wien. Dieses Gewinnspiel steht in keiner Verbindung zu Instagram und wird in keiner Weise von Instagram gesponsert, unterst\u00fctzt oder organisiert.<\/p>\n<p>Teilnahmeberechtigt sind alle nat\u00fcrlichen Personen, die zum Zeitpunkt der Teilnahme mindestens 18 Jahre alt sind und ihren Wohnsitz in \u00d6sterreich haben. Mitarbeiter des Veranstalters sowie deren Familienangeh\u00f6rige und Partner, die an der Erstellung oder Durchf\u00fchrung dieses Gewinnspiels beteiligt sind oder waren, sind von der Teilnahme ausgeschlossen. Gewinne werden nicht an Personen unter 18 Jahren oder andere nicht teilnahmeberechtigte Personen \u00fcbergeben.<\/p>\n<p>Die Teilnahme erfolgt, indem Du diesen Beitrag likest, einen Kommentar hinterl\u00e4sst, unserem Account <a href=\"https:\/\/www.instagram.com\/just_maxenergy\/\" rel=\"nofollow noopener\" target=\"_blank\">@just_maxenergy<\/a> und dem Account <a href=\"https:\/\/www.instagram.com\/meine_blumenwiese\/\" rel=\"nofollow noopener\" target=\"_blank\">@meineblumenwiese<\/a> auf Instagram folgst.<\/p>\n<p>Jede Person darf nur einmal teilnehmen. Kommentare mit rechtswidrigen, beleidigenden oder unangemessenen Inhalten werden gel\u00f6scht und vom Gewinnspiel ausgeschlossen.<\/p>\n<p>Teilnahmeschluss ist am 01.03.2025 um 0 Uhr.<\/p>\n<p>Wir verlosen 24 B\u00fccher. Welches Buch Du gewinnst, h\u00e4ngt von der Verf\u00fcgbarkeit ab. Der Gewinn ist nicht \u00fcbertragbar und eine Barauszahlung ist nicht m\u00f6glich. Die Gewinner werden per Losverfahren ermittelt und innerhalb von 10 Tagen nach Teilnahmeschluss \u00fcber Instagram benachrichtigt. Sollten Gewinner sich nicht innerhalb von 7 Tagen nach Benachrichtigung zur\u00fcckmelden, verf\u00e4llt der Gewinn und ein Ersatzgewinner wird ausgelost.<\/p>\n<p>Mit der Teilnahme erkl\u00e4rst Du Dich einverstanden, dass wir Deinen Instagram-Benutzernamen und, im Falle eines Gewinns, Deinen Namen und Deine Anschrift ausschlie\u00dflich f\u00fcr die Durchf\u00fchrung des Gewinnspiels verwenden. Deine Daten werden nach Beendigung des Gewinnspiels gel\u00f6scht und nicht an Dritte weitergegeben.<br \/>\nVerantwortlich f\u00fcr die Datenverarbeitung ist die MAXENERGY Austria Handels GmbH, Albertgasse 35, 1080 Wien, E-Mail: service@maxenergy.at. Du hast jederzeit das Recht auf Auskunft \u00fcber Deine gespeicherten Daten sowie deren Berichtigung oder L\u00f6schung. Weitere Informationen findest Du in unserer Datenschutzerkl\u00e4rung hier: https:\/\/www.maxenergy.at\/datenschutz.html.<\/p>\n<p>Wir behalten uns vor, Teilnehmer bei Manipulationsversuchen oder Verst\u00f6\u00dfen gegen diese Teilnahmebedingungen auszuschlie\u00dfen und das Gewinnspiel jederzeit zu \u00e4ndern, anzupassen oder abzubrechen, wenn dies aus technischen oder rechtlichen Gr\u00fcnden notwendig ist. Der Veranstalter haftet nicht f\u00fcr technische St\u00f6rungen, die eine Teilnahme unm\u00f6glich machen. Der Rechtsweg ist ausgeschlossen.<\/p>\n<\/div><\/section><\/div><div  class='flex_column av-k2f9z-cf2b15a845852bac46bfafa5fcb9ec80 av_one_fifth  avia-builder-el-7  el_after_av_three_fifth  avia-builder-el-last  flex_column_div  '     ><\/div><\/div><\/div><\/div><!-- close content main div --><\/div><\/div><div id='after_section_2'  class='main_color av_default_container_wrap container_wrap sidebar_left'  ><div class='container av-section-cont-open' ><div class='template-page content  av-content-small units'><div class='post-entry post-entry-type-page post-entry-3140'><div class='entry-content-wrapper clearfix'><\/p>\n","protected":false},"excerpt":{"rendered":"","protected":false},"author":3,"featured_media":110,"parent":0,"menu_order":0,"comment_status":"open","ping_status":"open","template":"","meta":{"footnotes":""},"class_list":["post-3140","page","type-page","status-publish","has-post-thumbnail","hentry"],"_links":{"self":[{"href":"https:\/\/www.maxenergy.at\/magazin\/wp-json\/wp\/v2\/pages\/3140","targetHints":{"allow":["GET"]}}],"collection":[{"href":"https:\/\/www.maxenergy.at\/magazin\/wp-json\/wp\/v2\/pages"}],"about":[{"href":"https:\/\/www.maxenergy.at\/magazin\/wp-json\/wp\/v2\/types\/page"}],"author":[{"embeddable":true,"href":"https:\/\/www.maxenergy.at\/magazin\/wp-json\/wp\/v2\/users\/3"}],"replies":[{"embeddable":true,"href":"https:\/\/www.maxenergy.at\/magazin\/wp-json\/wp\/v2\/comments?post=3140"}],"version-history":[{"count":5,"href":"https:\/\/www.maxenergy.at\/magazin\/wp-json\/wp\/v2\/pages\/3140\/revisions"}],"predecessor-version":[{"id":3146,"href":"https:\/\/www.maxenergy.at\/magazin\/wp-json\/wp\/v2\/pages\/3140\/revisions\/3146"}],"wp:featuredmedia":[{"embeddable":true,"href":"https:\/\/www.maxenergy.at\/magazin\/wp-json\/wp\/v2\/media\/110"}],"wp:attachment":[{"href":"https:\/\/www.maxenergy.at\/magazin\/wp-json\/wp\/v2\/media?parent=3140"}],"curies":[{"name":"wp","href":"https:\/\/api.w.org\/{rel}","templated":true}]}}